{"id":177,"date":"2024-10-24T01:43:54","date_gmt":"2024-10-24T01:43:54","guid":{"rendered":"https:\/\/brunarossa.com\/about\/"},"modified":"2025-02-10T18:22:13","modified_gmt":"2025-02-10T23:22:13","slug":"about","status":"publish","type":"page","link":"https:\/\/brunarossa.com\/es\/acerca-de\/","title":{"rendered":"Llevando Italia al sur de Florida, una pizza a la vez"},"content":{"rendered":"<div data-elementor-type=\"wp-page\" data-elementor-id=\"177\" class=\"elementor elementor-177\" data-elementor-post-type=\"page\">\n\t\t\t\t<div class=\"elementor-element elementor-element-207cac04 e-flex e-con-boxed e-con e-parent\" data-id=\"207cac04\" data-element_type=\"container\" data-settings=\"{&quot;background_background&quot;:&quot;classic&quot;}\">\n\t\t\t\t\t<div class=\"e-con-inner\">\n\t\t<div class=\"elementor-element elementor-element-553f430c e-flex e-con-boxed e-con e-child\" data-id=\"553f430c\" data-element_type=\"container\">\n\t\t\t\t\t<div class=\"e-con-inner\">\n\t\t\t\t<div class=\"elementor-element elementor-element-32d33fc9 elementor-widget elementor-widget-template\" data-id=\"32d33fc9\" data-element_type=\"widget\" data-widget_type=\"template.default\">\n\t\t\t\t<div class=\"elementor-widget-container\">\n\t\t\t\t\t\t\t<div class=\"elementor-template\">\n\t\t\t\t\t<div data-elementor-type=\"section\" data-elementor-id=\"150\" class=\"elementor elementor-150\" data-elementor-post-type=\"elementor_library\">\n\t\t\t<div class=\"elementor-element elementor-element-571bd482 e-flex e-con-boxed e-con e-parent\" data-id=\"571bd482\" data-element_type=\"container\" data-settings=\"{&quot;background_background&quot;:&quot;classic&quot;}\">\n\t\t\t\t\t<div class=\"e-con-inner\">\n\t\t<div class=\"elementor-element elementor-element-7cfbecb3 e-flex e-con-boxed e-con e-child\" data-id=\"7cfbecb3\" data-element_type=\"container\">\n\t\t\t\t\t<div class=\"e-con-inner\">\n\t\t\t\t<div class=\"elementor-element elementor-element-36c0c66a elementor-icon-list--layout-inline elementor-align-center elementor-list-item-link-full_width elementor-widget elementor-widget-icon-list\" data-id=\"36c0c66a\" data-element_type=\"widget\" data-widget_type=\"icon-list.default\">\n\t\t\t\t<div class=\"elementor-widget-container\">\n\t\t\t\t\t\t\t<ul class=\"elementor-icon-list-items elementor-inline-items\">\n\t\t\t\t\t\t\t<li class=\"elementor-icon-list-item elementor-inline-item\">\n\t\t\t\t\t\t\t\t\t\t\t<a href=\"https:\/\/brunarossa.com\/es\">\n\n\t\t\t\t\t\t\t\t\t\t\t<span class=\"elementor-icon-list-text\">Hogar<\/span>\n\t\t\t\t\t\t\t\t\t\t\t<\/a>\n\t\t\t\t\t\t\t\t\t<\/li>\n\t\t\t\t\t\t\t\t<li class=\"elementor-icon-list-item elementor-inline-item\">\n\t\t\t\t\t\t\t\t\t\t\t<span class=\"elementor-icon-list-icon\">\n\t\t\t\t\t\t\t<svg aria-hidden=\"true\" class=\"e-font-icon-svg e-fas-chevron-right\" viewbox=\"0 0 320 512\" xmlns=\"http:\/\/www.w3.org\/2000\/svg\"><path d=\"M285.476 272.971L91.132 467.314c-9.373 9.373-24.569 9.373-33.941 0l-22.667-22.667c-9.357-9.357-9.375-24.522-.04-33.901L188.505 256 34.484 101.255c-9.335-9.379-9.317-24.544.04-33.901l22.667-22.667c9.373-9.373 24.569-9.373 33.941 0L285.475 239.03c9.373 9.372 9.373 24.568.001 33.941z\"><\/path><\/svg>\t\t\t\t\t\t<\/span>\n\t\t\t\t\t\t\t\t\t\t<span class=\"elementor-icon-list-text\"><\/span>\n\t\t\t\t\t\t\t\t\t<\/li>\n\t\t\t\t\t\t<\/ul>\n\t\t\t\t\t\t<\/div>\n\t\t\t\t<\/div>\n\t\t\t\t\t<\/div>\n\t\t\t\t<\/div>\n\t\t\t\t\t<\/div>\n\t\t\t\t<\/div>\n\t\t\t\t<\/div>\n\t\t\t\t<\/div>\n\t\t\t\t\t\t<\/div>\n\t\t\t\t<\/div>\n\t\t\t\t\t<\/div>\n\t\t\t\t<\/div>\n\t\t\t\t\t<\/div>\n\t\t\t\t<\/div>\n\t\t<div class=\"elementor-element elementor-element-4444523d e-flex e-con-boxed e-con e-parent\" data-id=\"4444523d\" data-element_type=\"container\">\n\t\t\t\t\t<div class=\"e-con-inner\">\n\t\t<div class=\"elementor-element elementor-element-21135584 e-con-full e-flex e-con e-child\" data-id=\"21135584\" data-element_type=\"container\">\n\t\t\t\t<div class=\"elementor-element elementor-element-5cbb0f51 elementor-widget-tablet__width-inherit elementor-widget elementor-widget-heading\" data-id=\"5cbb0f51\" data-element_type=\"widget\" data-widget_type=\"heading.default\">\n\t\t\t\t<div class=\"elementor-widget-container\">\n\t\t\t\t\t<h2 class=\"elementor-heading-title elementor-size-default\">Creando una aut\u00e9ntica experiencia de pizza<\/h2>\t\t\t\t<\/div>\n\t\t\t\t<\/div>\n\t\t\t\t<div class=\"elementor-element elementor-element-290370ee elementor-widget__width-inherit elementor-widget elementor-widget-text-editor\" data-id=\"290370ee\" data-element_type=\"widget\" data-widget_type=\"text-editor.default\">\n\t\t\t\t<div class=\"elementor-widget-container\">\n\t\t\t\t\t\t\t\t\t<p>En Bruna Rossa, nuestra visi\u00f3n es ser la empresa l\u00edder <strong>servicio de catering de pizza gourmet<\/strong> En Miami, Fort Lauderdale, West Palm Beach y m\u00e1s all\u00e1. Llevamos la calidez, el sabor y la autenticidad de Italia directamente a sus eventos. Nuestra misi\u00f3n es brindar una experiencia inolvidable de pizza italiana, enfoc\u00e1ndonos en:<\/p>\t\t\t\t\t\t\t\t<\/div>\n\t\t\t\t<\/div>\n\t\t<div class=\"elementor-element elementor-element-6e5924dc e-con-full e-flex e-con e-child\" data-id=\"6e5924dc\" data-element_type=\"container\" data-settings=\"{&quot;background_background&quot;:&quot;classic&quot;}\">\n\t\t\t\t<div class=\"elementor-element elementor-element-5fee4ac7 elementor-widget elementor-widget-icon-box\" data-id=\"5fee4ac7\" data-element_type=\"widget\" data-widget_type=\"icon-box.default\">\n\t\t\t\t<div class=\"elementor-widget-container\">\n\t\t\t\t\t\t\t<div class=\"elementor-icon-box-wrapper\">\n\n\t\t\t\n\t\t\t\t\t\t<div class=\"elementor-icon-box-content\">\n\n\t\t\t\t\t\t\t\t\t<h3 class=\"elementor-icon-box-title\">\n\t\t\t\t\t\t<span  >\n\t\t\t\t\t\t\t01. Pizza artesanal aut\u00e9ntica\t\t\t\t\t\t<\/span>\n\t\t\t\t\t<\/h3>\n\t\t\t\t\n\t\t\t\t\t\t\t\t\t<p class=\"elementor-icon-box-description\">\n\t\t\t\t\t\tPizzas artesanales preparadas en el lugar con ingredientes de alta calidad y recetas tradicionales italianas. Ya sea que est\u00e9s en Miami, Fort Lauderdale o West Palm Beach, cada porci\u00f3n te transporta al coraz\u00f3n de Italia.\n\n\t\t\t\t\t<\/p>\n\t\t\t\t\n\t\t\t<\/div>\n\t\t\t\n\t\t<\/div>\n\t\t\t\t\t\t<\/div>\n\t\t\t\t<\/div>\n\t\t\t\t<\/div>\n\t\t<div class=\"elementor-element elementor-element-5a4831a3 e-con-full e-flex e-con e-child\" data-id=\"5a4831a3\" data-element_type=\"container\" data-settings=\"{&quot;background_background&quot;:&quot;classic&quot;}\">\n\t\t\t\t<div class=\"elementor-element elementor-element-676a656d elementor-widget elementor-widget-icon-box\" data-id=\"676a656d\" data-element_type=\"widget\" data-widget_type=\"icon-box.default\">\n\t\t\t\t<div class=\"elementor-widget-container\">\n\t\t\t\t\t\t\t<div class=\"elementor-icon-box-wrapper\">\n\n\t\t\t\n\t\t\t\t\t\t<div class=\"elementor-icon-box-content\">\n\n\t\t\t\t\t\t\t\t\t<h3 class=\"elementor-icon-box-title\">\n\t\t\t\t\t\t<span  >\n\t\t\t\t\t\t\t02. Elegancia para llevar\t\t\t\t\t\t<\/span>\n\t\t\t\t\t<\/h3>\n\t\t\t\t\n\t\t\t\t\t\t\t\t\t<p class=\"elementor-icon-box-description\">\n\t\t\t\t\t\tDesde patios traseros en Miami hasta eventos corporativos en Fort Lauderdale y bodas frente a la playa en West Palm Beach, nuestros hornos m\u00f3viles crean la combinaci\u00f3n perfecta de conveniencia y sabor gourmet.\n\n\t\t\t\t\t<\/p>\n\t\t\t\t\n\t\t\t<\/div>\n\t\t\t\n\t\t<\/div>\n\t\t\t\t\t\t<\/div>\n\t\t\t\t<\/div>\n\t\t\t\t<\/div>\n\t\t<div class=\"elementor-element elementor-element-466c0c71 e-con-full e-flex e-con e-child\" data-id=\"466c0c71\" data-element_type=\"container\" data-settings=\"{&quot;background_background&quot;:&quot;classic&quot;}\">\n\t\t\t\t<div class=\"elementor-element elementor-element-2829e5ed elementor-widget elementor-widget-icon-box\" data-id=\"2829e5ed\" data-element_type=\"widget\" data-widget_type=\"icon-box.default\">\n\t\t\t\t<div class=\"elementor-widget-container\">\n\t\t\t\t\t\t\t<div class=\"elementor-icon-box-wrapper\">\n\n\t\t\t\n\t\t\t\t\t\t<div class=\"elementor-icon-box-content\">\n\n\t\t\t\t\t\t\t\t\t<h3 class=\"elementor-icon-box-title\">\n\t\t\t\t\t\t<span  >\n\t\t\t\t\t\t\t03. Experiencias memorables\t\t\t\t\t\t<\/span>\n\t\t\t\t\t<\/h3>\n\t\t\t\t\n\t\t\t\t\t\t\t\t\t<p class=\"elementor-icon-box-description\">\n\t\t\t\t\t\tNos especializamos en crear experiencias de catering \u00fanicas en el sur de Florida, incluyendo Miami, Fort Lauderdale, West Palm Beach y alrededores. Dondequiera que se celebre su evento, le llevamos el aut\u00e9ntico sabor de Italia.\n\n\t\t\t\t\t<\/p>\n\t\t\t\t\n\t\t\t<\/div>\n\t\t\t\n\t\t<\/div>\n\t\t\t\t\t\t<\/div>\n\t\t\t\t<\/div>\n\t\t\t\t<\/div>\n\t\t<div class=\"elementor-element elementor-element-2bfe295c e-con-full e-flex e-con e-child\" data-id=\"2bfe295c\" data-element_type=\"container\" data-settings=\"{&quot;background_background&quot;:&quot;classic&quot;}\">\n\t\t\t\t<div class=\"elementor-element elementor-element-d8fdd46 elementor-widget elementor-widget-icon-box\" data-id=\"d8fdd46\" data-element_type=\"widget\" data-widget_type=\"icon-box.default\">\n\t\t\t\t<div class=\"elementor-widget-container\">\n\t\t\t\t\t\t\t<div class=\"elementor-icon-box-wrapper\">\n\n\t\t\t\n\t\t\t\t\t\t<div class=\"elementor-icon-box-content\">\n\n\t\t\t\t\t\t\t\t\t<h3 class=\"elementor-icon-box-title\">\n\t\t\t\t\t\t<span  >\n\t\t\t\t\t\t\t04. Pasi\u00f3n por la hospitalidad\t\t\t\t\t\t<\/span>\n\t\t\t\t\t<\/h3>\n\t\t\t\t\n\t\t\t\t\t\t\t\t\t<p class=\"elementor-icon-box-description\">\n\t\t\t\t\t\tArraigados en la tradici\u00f3n europea, tratamos a cada hu\u00e9sped como familia, brindando un servicio personalizado y atento que nos ha convertido en un nombre confiable en el catering de pizzas en Miami, Fort Lauderdale y el sur de Florida.\n\n\t\t\t\t\t<\/p>\n\t\t\t\t\n\t\t\t<\/div>\n\t\t\t\n\t\t<\/div>\n\t\t\t\t\t\t<\/div>\n\t\t\t\t<\/div>\n\t\t\t\t<\/div>\n\t\t\t\t<\/div>\n\t\t<div class=\"elementor-element elementor-element-4c35f85b e-con-full e-flex e-con e-child\" data-id=\"4c35f85b\" data-element_type=\"container\" data-settings=\"{&quot;background_background&quot;:&quot;classic&quot;}\">\n\t\t\t\t<div class=\"elementor-element elementor-element-36b8c6e8 elementor-widget-tablet__width-inherit elementor-widget elementor-widget-image\" data-id=\"36b8c6e8\" data-element_type=\"widget\" data-widget_type=\"image.default\">\n\t\t\t\t<div class=\"elementor-widget-container\">\n\t\t\t\t\t\t\t\t\t\t\t\t\t\t\t<img fetchpriority=\"high\" decoding=\"async\" width=\"1000\" height=\"666\" src=\"https:\/\/brunarossa.com\/wp-content\/uploads\/2025\/02\/Gourmet-Pizza-Catering-in-Miami-20.webp\" class=\"attachment-full size-full wp-image-480\" alt=\"Variedad de Pizza Gourmet Bruna Rossa\" srcset=\"https:\/\/brunarossa.com\/wp-content\/uploads\/2025\/02\/Gourmet-Pizza-Catering-in-Miami-20.webp 1000w, https:\/\/brunarossa.com\/wp-content\/uploads\/2025\/02\/Gourmet-Pizza-Catering-in-Miami-20-768x511.webp 768w\" sizes=\"(max-width: 1000px) 100vw, 1000px\" \/>\t\t\t\t\t\t\t\t\t\t\t\t\t\t\t<\/div>\n\t\t\t\t<\/div>\n\t\t\t\t<\/div>\n\t\t\t\t\t<\/div>\n\t\t\t\t<\/div>\n\t\t<div class=\"elementor-element elementor-element-6856dcc7 e-flex e-con-boxed e-con e-parent\" data-id=\"6856dcc7\" data-element_type=\"container\">\n\t\t\t\t\t<div class=\"e-con-inner\">\n\t\t<div class=\"elementor-element elementor-element-593872c e-con-full e-flex e-con e-child\" data-id=\"593872c\" data-element_type=\"container\" data-settings=\"{&quot;background_background&quot;:&quot;classic&quot;}\">\n\t\t\t\t<div class=\"elementor-element elementor-element-38471a6c elementor-widget elementor-widget-image\" data-id=\"38471a6c\" data-element_type=\"widget\" data-widget_type=\"image.default\">\n\t\t\t\t<div class=\"elementor-widget-container\">\n\t\t\t\t\t\t\t\t\t\t\t\t\t\t\t<img decoding=\"async\" width=\"1000\" height=\"666\" src=\"https:\/\/brunarossa.com\/wp-content\/uploads\/2025\/02\/Gourmet-Pizza-Catering-in-Miami-3.webp\" class=\"attachment-large size-large wp-image-492\" alt=\"\" srcset=\"https:\/\/brunarossa.com\/wp-content\/uploads\/2025\/02\/Gourmet-Pizza-Catering-in-Miami-3.webp 1000w, https:\/\/brunarossa.com\/wp-content\/uploads\/2025\/02\/Gourmet-Pizza-Catering-in-Miami-3-768x511.webp 768w\" sizes=\"(max-width: 1000px) 100vw, 1000px\" \/>\t\t\t\t\t\t\t\t\t\t\t\t\t\t\t<\/div>\n\t\t\t\t<\/div>\n\t\t\t\t<\/div>\n\t\t<div class=\"elementor-element elementor-element-3941b1c2 e-con-full e-flex e-con e-child\" data-id=\"3941b1c2\" data-element_type=\"container\">\n\t\t\t\t<div class=\"elementor-element elementor-element-1bc08ea3 elementor-widget elementor-widget-heading\" data-id=\"1bc08ea3\" data-element_type=\"widget\" data-widget_type=\"heading.default\">\n\t\t\t\t<div class=\"elementor-widget-container\">\n\t\t\t\t\t<h2 class=\"elementor-heading-title elementor-size-default\">Nuestra pasi\u00f3n por la pizza gourmet<\/h2>\t\t\t\t<\/div>\n\t\t\t\t<\/div>\n\t\t\t\t<div class=\"elementor-element elementor-element-504caaea elementor-widget elementor-widget-text-editor\" data-id=\"504caaea\" data-element_type=\"widget\" data-widget_type=\"text-editor.default\">\n\t\t\t\t<div class=\"elementor-widget-container\">\n\t\t\t\t\t\t\t\t\t<h3><strong>Ofreciendo la mejor experiencia de catering<\/strong><\/h3><p>En <strong>Bruna Rossa<\/strong>Creemos que <strong>La pizza es m\u00e1s que solo comida: es una experiencia<\/strong>Nuestra pasi\u00f3n por <strong>pizza gourmet artesanal<\/strong> nos impulsa a traer una <strong>Experiencia de catering aut\u00e9ntica y de alta calidad<\/strong> Directamente a tu evento. Ya sea un <strong>boda, fiesta privada o reuni\u00f3n corporativa<\/strong>Creamos momentos que unen a las personas a trav\u00e9s de <strong>Deliciosa pizza artesanal<\/strong> en <strong>Miami, Fort Lauderdale, West Palm Beach y m\u00e1s all\u00e1<\/strong>.<\/p>\t\t\t\t\t\t\t\t<\/div>\n\t\t\t\t<\/div>\n\t\t\t\t<div class=\"elementor-element elementor-element-761a907c elementor-widget elementor-widget-icon-box\" data-id=\"761a907c\" data-element_type=\"widget\" data-widget_type=\"icon-box.default\">\n\t\t\t\t<div class=\"elementor-widget-container\">\n\t\t\t\t\t\t\t<div class=\"elementor-icon-box-wrapper\">\n\n\t\t\t\n\t\t\t\t\t\t<div class=\"elementor-icon-box-content\">\n\n\t\t\t\t\t\t\t\t\t<h3 class=\"elementor-icon-box-title\">\n\t\t\t\t\t\t<span  >\n\t\t\t\t\t\t\tElaborado con pasi\u00f3n, servido con excelencia \t\t\t\t\t\t<\/span>\n\t\t\t\t\t<\/h3>\n\t\t\t\t\n\t\t\t\t\t\t\t\t\t<p class=\"elementor-icon-box-description\">\n\t\t\t\t\t\tNuestras pizzas se elaboran con t\u00e9cnicas ancestrales, inspiradas en las mejores tradiciones de la pizza artesanal. Desde la masa estirada a mano hasta los sabores perfectamente equilibrados, cada pizza es un trabajo hecho con amor, cuidadosamente preparada para realzar su evento.\n\n\t\t\t\t\t<\/p>\n\t\t\t\t\n\t\t\t<\/div>\n\t\t\t\n\t\t<\/div>\n\t\t\t\t\t\t<\/div>\n\t\t\t\t<\/div>\n\t\t\t\t<div class=\"elementor-element elementor-element-533b0bf1 elementor-widget elementor-widget-icon-box\" data-id=\"533b0bf1\" data-element_type=\"widget\" data-widget_type=\"icon-box.default\">\n\t\t\t\t<div class=\"elementor-widget-container\">\n\t\t\t\t\t\t\t<div class=\"elementor-icon-box-wrapper\">\n\n\t\t\t\n\t\t\t\t\t\t<div class=\"elementor-icon-box-content\">\n\n\t\t\t\t\t\t\t\t\t<h3 class=\"elementor-icon-box-title\">\n\t\t\t\t\t\t<span  >\n\t\t\t\t\t\t\tOnly the Freshest &amp; Finest Ingredients \t\t\t\t\t\t<\/span>\n\t\t\t\t\t<\/h3>\n\t\t\t\t\n\t\t\t\t\t\t\t\t\t<p class=\"elementor-icon-box-description\">\n\t\t\t\t\t\tUna pizza exquisita empieza con ingredientes de primera. Por eso, seleccionamos solo los productos, quesos e ingredientes premium m\u00e1s frescos y de la m\u00e1s alta calidad para garantizar que cada bocado sea una explosi\u00f3n de sabor.\t\t\t\t\t<\/p>\n\t\t\t\t\n\t\t\t<\/div>\n\t\t\t\n\t\t<\/div>\n\t\t\t\t\t\t<\/div>\n\t\t\t\t<\/div>\n\t\t\t\t<div class=\"elementor-element elementor-element-4fd6a85c elementor-widget__width-auto elementor-mobile-align-center elementor-widget-mobile__width-inherit elementor-widget elementor-widget-button\" data-id=\"4fd6a85c\" data-element_type=\"widget\" data-widget_type=\"button.default\">\n\t\t\t\t<div class=\"elementor-widget-container\">\n\t\t\t\t\t\t\t\t\t<div class=\"elementor-button-wrapper\">\n\t\t\t\t\t<a class=\"elementor-button elementor-button-link elementor-size-md\" href=\"#\">\n\t\t\t\t\t\t<span class=\"elementor-button-content-wrapper\">\n\t\t\t\t\t\t\t\t\t<span class=\"elementor-button-text\">Explora nuestro patrimonio<\/span>\n\t\t\t\t\t<\/span>\n\t\t\t\t\t<\/a>\n\t\t\t\t<\/div>\n\t\t\t\t\t\t\t\t<\/div>\n\t\t\t\t<\/div>\n\t\t\t\t<\/div>\n\t\t\t\t\t<\/div>\n\t\t\t\t<\/div>\n\t\t\t\t<\/div>","protected":false},"excerpt":{"rendered":"<p>Crafting an Authentic Pizza Experience At Bruna Rossa, our vision is to be the premier gourmet pizza catering service in Miami, Fort Lauderdale, West Palm Beach, and beyond. We bring the warmth, flavor, and authenticity of Italy directly to your events. Our mission is to deliver an unforgettable Italian Pizza experience by focusing on: 01. [&hellip;]<\/p>","protected":false},"author":1,"featured_media":0,"parent":0,"menu_order":0,"comment_status":"closed","ping_status":"closed","template":"","meta":{"footnotes":""},"class_list":["post-177","page","type-page","status-publish","hentry"],"_links":{"self":[{"href":"https:\/\/brunarossa.com\/es\/wp-json\/wp\/v2\/pages\/177","targetHints":{"allow":["GET"]}}],"collection":[{"href":"https:\/\/brunarossa.com\/es\/wp-json\/wp\/v2\/pages"}],"about":[{"href":"https:\/\/brunarossa.com\/es\/wp-json\/wp\/v2\/types\/page"}],"author":[{"embeddable":true,"href":"https:\/\/brunarossa.com\/es\/wp-json\/wp\/v2\/users\/1"}],"replies":[{"embeddable":true,"href":"https:\/\/brunarossa.com\/es\/wp-json\/wp\/v2\/comments?post=177"}],"version-history":[{"count":34,"href":"https:\/\/brunarossa.com\/es\/wp-json\/wp\/v2\/pages\/177\/revisions"}],"predecessor-version":[{"id":619,"href":"https:\/\/brunarossa.com\/es\/wp-json\/wp\/v2\/pages\/177\/revisions\/619"}],"wp:attachment":[{"href":"https:\/\/brunarossa.com\/es\/wp-json\/wp\/v2\/media?parent=177"}],"curies":[{"name":"wp","href":"https:\/\/api.w.org\/{rel}","templated":true}]}}